{"id":11,"date":"2016-08-20T19:49:34","date_gmt":"2016-08-20T17:49:34","guid":{"rendered":"http:\/\/beachvolleyballmuenster.de\/?page_id=11"},"modified":"2016-08-21T20:53:43","modified_gmt":"2016-08-21T18:53:43","slug":"sentruper-hoehe","status":"publish","type":"page","link":"https:\/\/beachvolleyballmuenster.de\/?page_id=11","title":{"rendered":"Sentruper H\u00f6he"},"content":{"rendered":"<p><img loading=\"lazy\" decoding=\"async\" class=\"alignnone size-medium wp-image-57\" src=\"http:\/\/beachvolleyballmuenster.de\/wp-content\/uploads\/2016\/08\/Senluft-1-300x280.jpg\" alt=\"Senluft\" width=\"300\" height=\"280\" srcset=\"https:\/\/beachvolleyballmuenster.de\/wp-content\/uploads\/2016\/08\/Senluft-1-300x280.jpg 300w, https:\/\/beachvolleyballmuenster.de\/wp-content\/uploads\/2016\/08\/Senluft-1-100x93.jpg 100w, https:\/\/beachvolleyballmuenster.de\/wp-content\/uploads\/2016\/08\/Senluft-1-150x140.jpg 150w, https:\/\/beachvolleyballmuenster.de\/wp-content\/uploads\/2016\/08\/Senluft-1.jpg 448w\" sizes=\"auto, (max-width: 300px) 100vw, 300px\" \/><\/p>\n<p><span style=\"color: #000000;\">Der Sportpark &#8218;Sentruper H\u00f6he&#8216; liegt im Herzen M\u00fcnsters und wird umrahmt vom Aasee, dem M\u00fchlenhof und dem Zoo. Er liegt an der Sentruper Stra\u00dfe 158 neben der Timmermeister Schule\u00a0\u00a0 (<a style=\"color: #000000;\" href=\"https:\/\/goo.gl\/maps\/kiza8Cry6bq\" target=\"_blank\">Ort in Google Maps<\/a>).<\/span><\/p>\n<p><span style=\"color: #000000;\">Die Sportanlage verf\u00fcgt u.a. \u00fcber einen regelm\u00e4\u00dfigen Lauftreff, Tennis- und Speckbrettanlagen, eine Laufbahn, Fu\u00dfballpl\u00e4tze, eine Trimm-Dich-Fitness-Anlage und Beachpl\u00e4tze.<\/span><\/p>\n<p><span style=\"color: #000000;\">Du bist dort ein gern gesehener Gast, wenn Du Dich sportlich verh\u00e4ltst, Du die Anlage ordentlich wieder verl\u00e4sst und auf den eigenen Parkpl\u00e4tzen direkt vor der Anlage und <strong>nicht<\/strong> auf denen der Timmermeister Schule parkst.<\/span><\/p>\n<p>&nbsp;<\/p>\n","protected":false},"excerpt":{"rendered":"<p>Der Sportpark &#8218;Sentruper H\u00f6he&#8216; liegt im Herzen M\u00fcnsters und wird umrahmt vom Aasee, dem M\u00fchlenhof und dem Zoo. Er liegt an der Sentruper Stra\u00dfe 158 neben der Timmermeister Schule\u00a0\u00a0 (Ort in Google Maps). Die Sportanlage verf\u00fcgt u.a. \u00fcber einen regelm\u00e4\u00dfigen Lauftreff, Tennis- und Speckbrettanlagen, eine Laufbahn, Fu\u00dfballpl\u00e4tze, eine Trimm-Dich-Fitness-Anlage und Beachpl\u00e4tze. Du bist dort ein&hellip;<\/p>\n","protected":false},"author":1,"featured_media":0,"parent":0,"menu_order":3,"comment_status":"closed","ping_status":"closed","template":"","meta":{"footnotes":""},"class_list":["post-11","page","type-page","status-publish","hentry"],"_links":{"self":[{"href":"https:\/\/beachvolleyballmuenster.de\/index.php?rest_route=\/wp\/v2\/pages\/11","targetHints":{"allow":["GET"]}}],"collection":[{"href":"https:\/\/beachvolleyballmuenster.de\/index.php?rest_route=\/wp\/v2\/pages"}],"about":[{"href":"https:\/\/beachvolleyballmuenster.de\/index.php?rest_route=\/wp\/v2\/types\/page"}],"author":[{"embeddable":true,"href":"https:\/\/beachvolleyballmuenster.de\/index.php?rest_route=\/wp\/v2\/users\/1"}],"replies":[{"embeddable":true,"href":"https:\/\/beachvolleyballmuenster.de\/index.php?rest_route=%2Fwp%2Fv2%2Fcomments&post=11"}],"version-history":[{"count":12,"href":"https:\/\/beachvolleyballmuenster.de\/index.php?rest_route=\/wp\/v2\/pages\/11\/revisions"}],"predecessor-version":[{"id":344,"href":"https:\/\/beachvolleyballmuenster.de\/index.php?rest_route=\/wp\/v2\/pages\/11\/revisions\/344"}],"wp:attachment":[{"href":"https:\/\/beachvolleyballmuenster.de\/index.php?rest_route=%2Fwp%2Fv2%2Fmedia&parent=11"}],"curies":[{"name":"wp","href":"https:\/\/api.w.org\/{rel}","templated":true}]}}