{"id":23,"date":"2016-08-20T20:12:42","date_gmt":"2016-08-20T18:12:42","guid":{"rendered":"http:\/\/beachvolleyballmuenster.de\/?page_id=23"},"modified":"2016-08-21T19:06:37","modified_gmt":"2016-08-21T17:06:37","slug":"beachanlagen","status":"publish","type":"page","link":"https:\/\/beachvolleyballmuenster.de\/?page_id=23","title":{"rendered":"Beachanlagen"},"content":{"rendered":"<p><span style=\"color: #000000;\">M\u00fcnster hat &#8211; dank des Engagement der Stadt M\u00fcnster und seiner Vereine &#8211; deutschlandweit die meisten Beachpl\u00e4tze zu bieten.<\/span><\/p>\n<p><span style=\"color: #000000;\">Die &#8218;Sentruper H\u00f6he&#8216; wurde bereits vorgestellt, es gibt aber noch zahlreiche andere Pl\u00e4tze in M\u00fcnster, die gr\u00f6\u00dftenteils seitens der Vereine finanziert und der Allgemeinheit zur Verf\u00fcgung gestellt werden.<\/span><\/p>\n<p><span style=\"color: #000000;\">Auch dort gelten die gleichen Hinweise und &#8218;Spielregeln&#8216; zur Benutzung!<\/span><\/p>\n<p><span style=\"color: #000000;\">Ich erlaube mir die Informationen der Seite der Stadt M\u00fcnster als Zitat einzuf\u00fcgen, da die \u00dcbersicht aufgrund der Updates der M\u00fcnster Homepage schon einmal weg sein kann.<\/span><\/p>\n<div id=\"c14473\" class=\"csc-default\">\n<hr class=\"clear\" \/>\n<\/div>\n<p>Quelle: <a href=\"http:\/\/www.stadt-muenster.de\/sportamt\/sportstaetten\/sonstige-sportanlagen.html\" target=\"_blank\">http:\/\/www.stadt-muenster.de\/sportamt\/sportstaetten\/sonstige-sportanlagen.html<\/a><\/p>\n<div id=\"c14473\" class=\"csc-default\">\n<hr class=\"clear\" \/>\n<\/div>\n<p>Zitat:<\/p>\n<p><strong>Beachvolleyballanlagen<\/strong><\/p>\n<div id=\"c14471\" class=\"csc-default\">\n<ul class=\"linkliste\">\n<li>Sportanlage Aaseestadt, Bonhoefferstra\u00dfe 54 &#8211; <a class=\"extern\" title=\"\u00f6ffnet Stadtplan in neuem Fenster\" href=\"http:\/\/geo.stadt-muenster.de\/stadtplan?mb_myPOI=Sportanlage+Aaseestadt,3404127,5757264&amp;mb_myPOI2SCALE=3404127,5757264,8000\" target=\"_blank\">Stadtplan<\/a><br \/>\n<a class=\"extern\" title=\"\u00f6ffnet Seite in neuem Fenster\" href=\"http:\/\/www.blau-weiss-aasee.de\/\" target=\"_blank\">SV Blau-Wei\u00df Aasee<\/a><\/li>\n<li>Sportanlage Am Hohen Ufer, Am Hohen Ufer 111 &#8211; <a class=\"extern\" title=\"\u00f6ffnet Stadtplan in neuem Fenster\" href=\"http:\/\/geo.stadt-muenster.de\/stadtplan?mb_myPOI=Sportanlage+Am+Hohen+Ufer,3410099,5755843&amp;mb_myPOI2SCALE=3410099,5755843,8000\" target=\"_blank\">Stadtplan<\/a><br \/>\n<a class=\"extern\" title=\"\u00f6ffnet Seite in neuem Fenster\" href=\"http:\/\/www.sc-gremmendorf.de\" target=\"_blank\">SC Gremmendorf<\/a><\/li>\n<li>Sportanlage Arnheimweg, Arnheimweg 40 &#8211; <a class=\"extern\" title=\"\u00f6ffnet Stadtplan in neuem Fenster\" href=\"http:\/\/geo.stadt-muenster.de\/stadtplan?mb_myPOI=Sportanlage+Arnheimweg,3402050,5760037&amp;mb_myPOI2SCALE=3402050,5760037,8000\" target=\"_blank\">Stadtplan<\/a><\/li>\n<li>Atlantis-Wiese, Stadtpark Wienburg, Kanalstra\u00dfe 237 &#8211; <a class=\"extern\" title=\"\u00f6ffnet Stadtplan in neuem Fenster\" href=\"http:\/\/geo.stadt-muenster.de\/stadtplan?mb_myPOI=Atlantis-Wiese,3405610,5762140&amp;mb_myPOI2SCALE=3405610,5762140,8000\" target=\"_blank\">Stadtplan<\/a><\/li>\n<li>Breite Linde, Hoher Heckenweg 221 &#8211; <a class=\"extern\" title=\"\u00f6ffnet Stadtplan in neuem Fenster\" href=\"http:\/\/geo.stadt-muenster.de\/stadtplan?mb_myPOI=Breite+Linde,3407196,5762246&amp;mb_myPOI2SCALE=3407196,5762246,8000\" target=\"_blank\">Stadtplan<\/a><\/li>\n<li>Sportanlage Concordenstra\u00dfe, Hohe Geist 7 &#8211; <a class=\"extern\" title=\"\u00f6ffnet Stadtplan in neuem Fenster\" href=\"http:\/\/geo.stadt-muenster.de\/stadtplan?mb_myPOI=Sportanlage+Concordenstra%26szlig;e,3398945,5755413&amp;mb_myPOI2SCALE=3398945,5755413,8000\" target=\"_blank\">Stadtplan<\/a><br \/>\n<a class=\"extern\" title=\"\u00f6ffnet Seite in neuem Fenster\" href=\"http:\/\/www.muenster.org\/concordia-albachten\" target=\"_blank\">SV Concordia Albachten<\/a><\/li>\n<li>Sportanlage Egelshove, Egelshove 1 &#8211; <a class=\"extern\" title=\"\u00f6ffnet Stadtplan in neuem Fenster\" href=\"http:\/\/geo.stadt-muenster.de\/stadtplan?mb_myPOI=Sportanlage+Egelshove,3401960,5756770&amp;mb_myPOI2SCALE=3401960,5756770,8000\" target=\"_blank\">Stadtplan<\/a><br \/>\n<a class=\"extern\" title=\"\u00f6ffnet Seite in neuem Fenster\" href=\"http:\/\/www.wacker-djk.de\" target=\"_blank\">DJK Wacker Mecklenbeck<\/a><\/li>\n<li>Sportzentrum Feldstiege, Feldstiege 45 &#8211; <a class=\"extern\" title=\"\u00f6ffnet Stadtplan in neuem Fenster\" href=\"http:\/\/geo.stadt-muenster.de\/stadtplan?mb_myPOI=Sportzentrum+Feldstiege,3400423,5763839&amp;mb_myPOI2SCALE=3400423,5763839,8000\" target=\"_blank\">Stadtplan<\/a><br \/>\n<a class=\"extern\" title=\"\u00f6ffnet Seite in neuem Fenster\" href=\"http:\/\/www.sc-nienberge.de\" target=\"_blank\">DJK SC Nienberge<\/a><\/li>\n<li>Freibad Hiltrup, Zum Hiltruper See 171 &#8211; <a class=\"extern\" title=\"\u00f6ffnet Stadtplan in neuem Fenster\" href=\"http:\/\/geo.stadt-muenster.de\/stadtplan?mb_myPOI=Freibad+Hiltrup,3407607,5751425&amp;mb_myPOI2SCALE=3407607,5751425,8000\" target=\"_blank\">Stadtplan<\/a><\/li>\n<li>Freibad Stapelskotten, Laerer Werseufer 2 &#8211; <a class=\"extern\" title=\"\u00f6ffnet Stadtplan in neuem Fenster\" href=\"http:\/\/geo.stadt-muenster.de\/stadtplan?mb_myPOI=Freibad+Stapelskotten,3410056,5757883&amp;mb_myPOI2SCALE=3410056,5757883,8000\" target=\"_blank\">Stadtplan<\/a><\/li>\n<li>Freibad Sudm\u00fchle, Dyckburgstra\u00dfe 468 &#8211; <a class=\"extern\" title=\"\u00f6ffnet Stadtplan in neuem Fenster\" href=\"http:\/\/geo.stadt-muenster.de\/stadtplan?mb_myPOI=Freibad+Sudm%26uuml;hle,3410647,5763746&amp;mb_myPOI2SCALE=3410647,5763746,8000\" target=\"_blank\">Stadtplan<\/a><\/li>\n<li>Sportanlage Gievenbecker Reihe, Dieckmannstra\u00dfe \/ Gievenbecker Reihe &#8211; <a class=\"extern\" title=\"\u00f6ffnet Stadtplan in neuem Fenster\" href=\"http:\/\/geo.stadt-muenster.de\/stadtplan?mb_myPOI=Sportanlage+Gievenbecker+Reihe,3401647,5759955&amp;mb_myPOI2SCALE=3401647,5759955,8000\" target=\"_blank\">Stadtplan<\/a><\/li>\n<li>Sportanlage Grevingstra\u00dfe, Grevingstra\u00dfe 32 &#8211; <a class=\"extern\" title=\"\u00f6ffnet Stadtplan in neuem Fenster\" href=\"http:\/\/geo.stadt-muenster.de\/stadtplan?mb_myPOI=Sportanlage+Grevingstra%26szlig;e,3405355,5756823&amp;mb_myPOI2SCALE=3405355,5756823,8000\" target=\"_blank\">Stadtplan<\/a><br \/>\n<a class=\"extern\" title=\"\u00f6ffnet Seite in neuem Fenster\" href=\"http:\/\/www.borussia-muenster.de\" target=\"_blank\">DJK Borussia M\u00fcnster<\/a><\/li>\n<li>Hallenbad Roxel, Tilbecker Stra\u00dfe 36 &#8211; <a class=\"extern\" title=\"\u00f6ffnet Stadtplan in neuem Fenster\" href=\"http:\/\/geo.stadt-muenster.de\/stadtplan?mb_myPOI=Hallenbad+Roxel,3398778,5758875&amp;mb_myPOI2SCALE=3398778,5758875,8000\" target=\"_blank\">Stadtplan<\/a><\/li>\n<li>Sportanlage Handorf, Heriburgstra\u00dfe 17 &#8211; <a class=\"extern\" title=\"\u00f6ffnet Stadtplan in neuem Fenster\" href=\"http:\/\/geo.stadt-muenster.de\/stadtplan?mb_myPOI=Sportanlage+Handorf,3411256,5762514&amp;mb_myPOI2SCALE=3411256,5762514,8000\" target=\"_blank\">Stadtplan<\/a><br \/>\n<a class=\"extern\" title=\"\u00f6ffnet Seite in neuem Fenster\" href=\"http:\/\/www.tsv-handorf.de\" target=\"_blank\">TSV Handorf<\/a><\/li>\n<li>Sportanlage Hensenstra\u00dfe, Hensenstra\u00dfe 100 &#8211; <a class=\"extern\" title=\"\u00f6ffnet Stadtplan in neuem Fenster\" href=\"http:\/\/geo.stadt-muenster.de\/stadtplan?mb_myPOI=Sportanlage+Hensenstra%26szlig;e,3402605,5760804&amp;mb_myPOI2SCALE=3402605,5760804,8000\" target=\"_blank\">Stadtplan<\/a><br \/>\n<a class=\"extern\" title=\"\u00f6ffnet Seite in neuem Fenster\" href=\"http:\/\/www.1fcgievenbeck.de\" target=\"_blank\">1. FC Gievenbeck<\/a><\/li>\n<li>Sportanlage Hiltrup-Ost, Osttor 85 &#8211; <a class=\"extern\" title=\"\u00f6ffnet Stadtplan in neuem Fenster\" href=\"http:\/\/geo.stadt-muenster.de\/stadtplan?mb_myPOI=Sportanlage+Hiltrup-Ost,3408462,5753378&amp;mb_myPOI2SCALE=3408462,5753378,8000\" target=\"_blank\">Stadtplan<\/a><br \/>\n<a class=\"extern\" title=\"\u00f6ffnet Seite in neuem Fenster\" href=\"http:\/\/www.tushiltrup.de\" target=\"_blank\">TuS Hiltrup<\/a><\/li>\n<li>Landschaftspark Mecklenbeck, Mecklenbecker Stra\u00dfe 387 &#8211; <a class=\"extern\" title=\"\u00f6ffnet Stadtplan in neuem Fenster\" href=\"http:\/\/geo.stadt-muenster.de\/stadtplan?mb_myPOI=Landschaftspark+Mecklenbeck,3401934,5756382&amp;mb_myPOI2SCALE=3401934,5756382,8000\" target=\"_blank\">Stadtplan<\/a><\/li>\n<li>Spielplatz Legdenweg, Legdenweg 140 &#8211; <a class=\"extern\" title=\"\u00f6ffnet Stadtplan in neuem Fenster\" href=\"http:\/\/geo.stadt-muenster.de\/stadtplan?mb_myPOI=Spielplatz+Legdenweg,3401705,5761380&amp;mb_myPOI2SCALE=3401705,5761380,8000\" target=\"_blank\">Stadtplan<\/a><\/li>\n<li>Jugendzentrum Lorenz-S\u00fcd, Am Berg Fidel 53 &#8211; <a class=\"extern\" title=\"\u00f6ffnet Stadtplan in neuem Fenster\" href=\"http:\/\/geo.stadt-muenster.de\/stadtplan?mb_myPOI=Jugendzentrum+Lorenz-S%26uuml;d,3405410,5755774&amp;mb_myPOI2SCALE=3405410,5755774,8000\" target=\"_blank\">Stadtplan<\/a><\/li>\n<li>Sportanlage Mauritz-Lindenweg, Mauritz-Lindenweg 93 &#8211; <a class=\"extern\" title=\"\u00f6ffnet Stadtplan in neuem Fenster\" href=\"http:\/\/geo.stadt-muenster.de\/stadtplan?mb_myPOI=Sportanlage+Mauritz-Lindenweg,3407930,5759329&amp;mb_myPOI2SCALE=3407930,5759329,8000\" target=\"_blank\">Stadtplan<\/a><br \/>\n<a class=\"extern\" title=\"\u00f6ffnet Seite in neuem Fenster\" href=\"http:\/\/www.scmuenster08.de\" target=\"_blank\">SC M\u00fcnster 08<\/a><\/li>\n<li>Pascalgymnasium, Uppenkampstiege 17 &#8211; <a class=\"extern\" title=\"\u00f6ffnet Stadtplan in neuem Fenster\" href=\"http:\/\/geo.stadt-muenster.de\/stadtplan?mb_myPOI=Pascalgymnasium,3405663,5761122&amp;mb_myPOI2SCALE=3405663,5761122,8000\" target=\"_blank\">Stadtplan<\/a><\/li>\n<li>Sportpark Sentruper H\u00f6he, Sentruper Stra\u00dfe &#8211; <a class=\"extern\" title=\"\u00f6ffnet Stadtplan in neuem Fenster\" href=\"http:\/\/geo.stadt-muenster.de\/stadtplan?mb_myPOI=Sportpark+Sentruper+H%26ouml;he,3403807,5758722&amp;mb_myPOI2SCALE=3403807,5758722,8000\" target=\"_blank\">Stadtplan<\/a><\/li>\n<li>Sportanlage Sprakel, Im Draum 41 &#8211; <a class=\"extern\" title=\"\u00f6ffnet Stadtplan in neuem Fenster\" href=\"http:\/\/geo.stadt-muenster.de\/stadtplan?mb_myPOI=Sportanlage+Sprakel,3404799,5768157&amp;mb_myPOI2SCALE=3404799,5768157,8000\" target=\"_blank\">Stadtplan<\/a><br \/>\n<a class=\"extern\" title=\"\u00f6ffnet Seite in neuem Fenster\" href=\"http:\/\/www.sc-sprakel.de\" target=\"_blank\">SC Sprakel<\/a><\/li>\n<li>Sportanlage Wangeroogeweg, Wangeroogeweg 18 &#8211; <a class=\"extern\" title=\"\u00f6ffnet Stadtplan in neuem Fenster\" href=\"http:\/\/geo.stadt-muenster.de\/stadtplan?mb_myPOI=Sportanlage+Wangeroogeweg,3405112,5763496&amp;mb_myPOI2SCALE=3405112,5763496,8000\" target=\"_blank\">Stadtplan<\/a><br \/>\n<a class=\"extern\" title=\"\u00f6ffnet Seite in neuem Fenster\" href=\"http:\/\/www.westfalia-kinderhaus.de\" target=\"_blank\">SC Westfalia Kinderhaus<\/a><\/li>\n<li>Sportzentrum Wolbeck, Brandhoveweg 97 &#8211; <a class=\"extern\" title=\"\u00f6ffnet Stadtplan in neuem Fenster\" href=\"http:\/\/geo.stadt-muenster.de\/stadtplan?mb_myPOI=Sportzentrum+Wolbeck,3411574,5754188&amp;mb_myPOI2SCALE=3411574,5754188,8000\" target=\"_blank\">Stadtplan<\/a><\/li>\n<li>Sportanlage Zum H\u00e4pper, Zum H\u00e4pper 24 &#8211; <a class=\"extern\" title=\"\u00f6ffnet Stadtplan in neuem Fenster\" href=\"http:\/\/geo.stadt-muenster.de\/stadtplan?mb_myPOI=Sportanlage+Zum+H%26auml;pper,3404387,5751147&amp;mb_myPOI2SCALE=3404387,5751147,8000\" target=\"_blank\">Stadtplan<\/a><br \/>\n<a class=\"extern\" title=\"\u00f6ffnet Seite in neuem Fenster\" href=\"http:\/\/www.djk-gwa.de\" target=\"_blank\">DJK Gr\u00fcn-Wei\u00df Amelsb\u00fcren<\/a><\/li>\n<\/ul>\n<\/div>\n<p>&nbsp;<\/p>\n","protected":false},"excerpt":{"rendered":"<p>M\u00fcnster hat &#8211; dank des Engagement der Stadt M\u00fcnster und seiner Vereine &#8211; deutschlandweit die meisten Beachpl\u00e4tze zu bieten. Die &#8218;Sentruper H\u00f6he&#8216; wurde bereits vorgestellt, es gibt aber noch zahlreiche andere Pl\u00e4tze in M\u00fcnster, die gr\u00f6\u00dftenteils seitens der Vereine finanziert und der Allgemeinheit zur Verf\u00fcgung gestellt werden. Auch dort gelten die gleichen Hinweise und &#8218;Spielregeln&#8216;&hellip;<\/p>\n","protected":false},"author":1,"featured_media":0,"parent":0,"menu_order":4,"comment_status":"closed","ping_status":"closed","template":"","meta":{"footnotes":""},"class_list":["post-23","page","type-page","status-publish","hentry"],"_links":{"self":[{"href":"https:\/\/beachvolleyballmuenster.de\/index.php?rest_route=\/wp\/v2\/pages\/23","targetHints":{"allow":["GET"]}}],"collection":[{"href":"https:\/\/beachvolleyballmuenster.de\/index.php?rest_route=\/wp\/v2\/pages"}],"about":[{"href":"https:\/\/beachvolleyballmuenster.de\/index.php?rest_route=\/wp\/v2\/types\/page"}],"author":[{"embeddable":true,"href":"https:\/\/beachvolleyballmuenster.de\/index.php?rest_route=\/wp\/v2\/users\/1"}],"replies":[{"embeddable":true,"href":"https:\/\/beachvolleyballmuenster.de\/index.php?rest_route=%2Fwp%2Fv2%2Fcomments&post=23"}],"version-history":[{"count":11,"href":"https:\/\/beachvolleyballmuenster.de\/index.php?rest_route=\/wp\/v2\/pages\/23\/revisions"}],"predecessor-version":[{"id":340,"href":"https:\/\/beachvolleyballmuenster.de\/index.php?rest_route=\/wp\/v2\/pages\/23\/revisions\/340"}],"wp:attachment":[{"href":"https:\/\/beachvolleyballmuenster.de\/index.php?rest_route=%2Fwp%2Fv2%2Fmedia&parent=23"}],"curies":[{"name":"wp","href":"https:\/\/api.w.org\/{rel}","templated":true}]}}