{"id":33,"date":"2016-08-20T20:38:37","date_gmt":"2016-08-20T18:38:37","guid":{"rendered":"http:\/\/beachvolleyballmuenster.de\/?page_id=33"},"modified":"2021-03-05T11:17:48","modified_gmt":"2021-03-05T10:17:48","slug":"spielregeln","status":"publish","type":"page","link":"https:\/\/beachvolleyballmuenster.de\/?page_id=33","title":{"rendered":"Spielregeln"},"content":{"rendered":"<p><span style=\"color: #000000;\"><strong>Die &#8218;Spielregeln&#8216; f\u00fcr die &#8218;Sentruper H\u00f6he&#8216; und allgemein<br \/>\n<\/strong><\/span><\/p>\n<p><span style=\"color: #000000;\">Ich habe \u00f6fter die gleichen Anfragen von spielfreudigen Menschen und m\u00f6chte kurz darauf allgemein antworten und abschlie\u00dfend auf die &#8218;ungeschriebenen m\u00fcnsteraner Beachregeln&#8216; hinweisen sowie um deren Beachtung bitten!<\/span><\/p>\n<p><span style=\"color: #000000;\"><em>Muss ich mich irgendwo <strong>anmelden<\/strong>, wenn ich spielen will?<\/em><\/span><\/p>\n<p><span style=\"color: #000000;\">Nein, dass musst Du nicht, komm einfach vorbei! Entweder alleine oder mit Deinen Freunden.<\/span><br \/>\n<span style=\"color: #000000;\"> M\u00f6chtest Du die Anlage f\u00fcr Events buchen, wende Dich an die Stadt M\u00fcnster (Rainer Bergmann, Veranstaltungsmanagement, Tel. 0251 \/ 4925219 oder Tel. 0251 \/ 4925253 eMail: <a style=\"color: #000000;\" href=\"mailto:Bergmann@stadt-muenster.de\">Bergmann@stadt-muenster.de<\/a> oder&nbsp;<a style=\"color: #000000;\" href=\"mailto:veranstaltungsbuero@stadt-muenster.de\">veranstaltungsbuero@stadt-muenster.de<\/a>).<\/span><\/p>\n<p><span style=\"color: #000000;\"><em>Gibt es eine Art <strong>Verteiler<\/strong> auf  WhatsApp, Signal, Telegram, Threema oder WasWei\u00dfIch.de ?<\/em><\/span><\/p>\n<p><span style=\"color: #000000;\">Ja, gibt es. Das organisieren aber die Beacher vor Ort selbst, einfach mal danach fragen.<\/span><\/p>\n<p><span style=\"color: #000000;\"><em>Gibt es <strong>Parkpl\u00e4tze<\/strong>?<\/em><\/span><\/p>\n<p><span style=\"color: #000000;\">Ja, gibt es. Diese sind unmittelbar VOR dem Gel\u00e4nde. Fahre bitte NIE mit dem Auto auf das Gel\u00e4nde und parke an der &#8218;Sentruper H\u00f6he&#8216; bitte NICHT auf den Parkpl\u00e4tzen der Timmermeister Schule, dies ist Privatgel\u00e4nde und Du k\u00f6nntest dort zur Not auch abgeschleppt werden.<\/span><\/p>\n<p><span style=\"color: #000000;\"><em>Gibt es <strong>Toiletten oder Duschen<\/strong>?<\/em><\/span><\/p>\n<p><span style=\"color: #000000;\">Ja, es gibt am Eingang der &#8218;Sentruper H\u00f6he&#8216; Toiletten und Duschen.<\/span><br \/>\n<span style=\"color: #000000;\"> <strong>Liebe M\u00e4nner,<\/strong> bitte pinkelt nicht in den Wald oder in die angrenzenden B\u00fcsche, da dort der Ball sehr sehr oft reinfliegt und dann nach Pipi riecht. Toiletten sind oft auch an den anderen Pl\u00e4tzen zug\u00e4nglich!!<\/span><\/p>\n<p><span style=\"color: #000000;\"><em>Gibt es<strong> Regeln f\u00fcr die Benutzung<\/strong>?<\/em><\/span><\/p>\n<p><span style=\"color: #000000;\">Ja, gibt es. Die <strong>ungeschriebenen m\u00fcnsteraner Beachregeln<\/strong> sind <strong>auf allen Pl\u00e4tzen<\/strong> g\u00fcltig:<\/span><\/p>\n<ol>\n<li><span style=\"color: #000000;\">Dir geh\u00f6rt nicht der Platz, <strong>jeder darf<\/strong> dort <strong>spielen<\/strong>!<\/span><\/li>\n<li><span style=\"color: #000000;\">Du spielst <strong>maximal einen Satz<\/strong> (bis 15 bzw. 21, Anf\u00e4nger:innen d\u00fcrfen auch aus Unwissen heraus bis 25 spielen. Ist es sehr voll ist, spielt man nur bis 15).<\/span><\/li>\n<li><span style=\"color: #000000;\">M\u00f6chte man auf einem Platz spielen und da spielt bereits jemand, <strong>meldet<\/strong> man sich mit den Worten &#8222;Ist hier bereits jemand gemeldet? Nein? Gut, dann melden wir uns hier jetzt an&#8220; an.<\/span><\/li>\n<li><span style=\"color: #000000;\"><strong>Ist bereits jemand gemeldet<\/strong>, wird mit der Gruppe kurz gesprochen und gekl\u00e4rt, wer danach spielt. Hier gilt wieder Regel 2 und 3.<\/span><\/li>\n<li><span style=\"color: #000000;\"><strong>Nach dem <\/strong>gespielten<strong> Satz verl\u00e4sst<\/strong> man das Spielfeld und sagt den Melder:innen Bescheid. Ist keiner da, der sich am Platz angemeldet hat, darf man weiterspielen.<\/span><\/li>\n<li><span style=\"color: #000000;\">Hat ein <strong>Verein<\/strong> Beachtraining oder ist die Anlage gemietet, haben diese Spieler:innen immer Vorrang!<\/span><\/li>\n<li><span style=\"color: #000000;\">Manchmal bereiten sich <strong>Semi-Profis<\/strong> auf Turniere vor. Diese erkennt man an muskul\u00f6sen Oberk\u00f6rpern, einer Linie, Antennen und den 10-15 B\u00e4llen, die sie mit dabei haben. \ud83d\ude09 Kl\u00e4re mit ihnen freundlich, wie ihr verfahren wollt, wenn die Pl\u00e4tze voll sind. Fair von Dir w\u00e4re, sie trainieren zu lassen. Fair von den Semi-Profis w\u00e4re, nach dem Training die Pl\u00e4tze wieder freizugeben und nur einen Platz zu nutzen.<\/span><\/li>\n<li><span style=\"color: #000000;\"><strong>Pinkel nicht in die B\u00fcsche<\/strong>, in den Wald oder in Bereiche, in die der Ball fallen kann!<\/span><\/li>\n<li><span style=\"color: #000000;\"><strong>R\u00e4ume bitte Deinen M\u00fcll weg<\/strong> oder rufe Deine Helikopter-Mutter an, dass die hinter Dir aufr\u00e4umen kommt! Grillschalen, Kronkorken, Flaschen, zerbrochenes Glas haben auf dem Beachplatz nichts zu suchen, es stehen daf\u00fcr Tonnen bereit!<\/span><\/li>\n<li><span style=\"color: #000000;\">Bleibe immer cool, habe <strong>Spa\u00df am Sport<\/strong> und vertrage Dich!<\/span><\/li>\n<\/ol>\n","protected":false},"excerpt":{"rendered":"<p>Die &#8218;Spielregeln&#8216; f\u00fcr die &#8218;Sentruper H\u00f6he&#8216; und allgemein Ich habe \u00f6fter die gleichen Anfragen von spielfreudigen Menschen und m\u00f6chte kurz darauf allgemein antworten und abschlie\u00dfend auf die &#8218;ungeschriebenen m\u00fcnsteraner Beachregeln&#8216; hinweisen sowie um deren Beachtung bitten! Muss ich mich irgendwo anmelden, wenn ich spielen will? Nein, dass musst Du nicht, komm einfach vorbei! Entweder alleine&hellip;<\/p>\n","protected":false},"author":1,"featured_media":0,"parent":0,"menu_order":11,"comment_status":"closed","ping_status":"closed","template":"","meta":{"footnotes":""},"class_list":["post-33","page","type-page","status-publish","hentry"],"_links":{"self":[{"href":"https:\/\/beachvolleyballmuenster.de\/index.php?rest_route=\/wp\/v2\/pages\/33","targetHints":{"allow":["GET"]}}],"collection":[{"href":"https:\/\/beachvolleyballmuenster.de\/index.php?rest_route=\/wp\/v2\/pages"}],"about":[{"href":"https:\/\/beachvolleyballmuenster.de\/index.php?rest_route=\/wp\/v2\/types\/page"}],"author":[{"embeddable":true,"href":"https:\/\/beachvolleyballmuenster.de\/index.php?rest_route=\/wp\/v2\/users\/1"}],"replies":[{"embeddable":true,"href":"https:\/\/beachvolleyballmuenster.de\/index.php?rest_route=%2Fwp%2Fv2%2Fcomments&post=33"}],"version-history":[{"count":18,"href":"https:\/\/beachvolleyballmuenster.de\/index.php?rest_route=\/wp\/v2\/pages\/33\/revisions"}],"predecessor-version":[{"id":381,"href":"https:\/\/beachvolleyballmuenster.de\/index.php?rest_route=\/wp\/v2\/pages\/33\/revisions\/381"}],"wp:attachment":[{"href":"https:\/\/beachvolleyballmuenster.de\/index.php?rest_route=%2Fwp%2Fv2%2Fmedia&parent=33"}],"curies":[{"name":"wp","href":"https:\/\/api.w.org\/{rel}","templated":true}]}}