{"id":4,"date":"2016-08-20T19:33:35","date_gmt":"2016-08-20T17:33:35","guid":{"rendered":"http:\/\/beachvolleyballmuenster.de\/?page_id=4"},"modified":"2021-02-17T12:18:16","modified_gmt":"2021-02-17T11:18:16","slug":"willkommen","status":"publish","type":"page","link":"https:\/\/beachvolleyballmuenster.de\/","title":{"rendered":"Willkommen"},"content":{"rendered":"<div class=\"style\">\n<p class=\"Body\"><span style=\"color: #000000;\">Auf dieser Seite findest Du Informationen \u00fcber den Sportpark &#8218;Sentruper H\u00f6he&#8216;, dem zentralen Ort des Beachvolleyballs in M\u00fcnster.<\/span><\/p>\n<p class=\"Body\"><span style=\"color: #000000;\">Neben dem aktuellen &#8218;Beachwetter&#8216; sind hier die einzelnen m\u00fcnsteraner &#8218;Beachanlagen&#8216; gelistet und Du kannst nachsehen, wo diese zu finden sind.<\/span><\/p>\n<p class=\"Body\"><span style=\"color: #000000;\">Unter &#8218;Spielregeln&#8216; sind M\u00fcnsters ungeschriebene Verbindlichkeiten des Beachsports zusammengefasst.<\/span><\/p>\n<\/div>\n<div class=\"style\">\n<p class=\"Body\"><span style=\"color: #000000;\">Viel Spa\u00df an Deinem Sport!<\/span><\/p>\n<p class=\"Body\" style=\"text-align: right;\"><img loading=\"lazy\" decoding=\"async\" class=\"alignnone size-full wp-image-5\" src=\"http:\/\/beachvolleyballmuenster.de\/wp-content\/uploads\/2016\/08\/22221.png\" alt=\"22221\" width=\"97\" height=\"97\" \/><\/p>\n<\/div>\n","protected":false},"excerpt":{"rendered":"<p>Auf dieser Seite findest Du Informationen \u00fcber den Sportpark &#8218;Sentruper H\u00f6he&#8216;, dem zentralen Ort des Beachvolleyballs in M\u00fcnster. Neben dem aktuellen &#8218;Beachwetter&#8216; sind hier die einzelnen m\u00fcnsteraner &#8218;Beachanlagen&#8216; gelistet und Du kannst nachsehen, wo diese zu finden sind. Unter &#8218;Spielregeln&#8216; sind M\u00fcnsters ungeschriebene Verbindlichkeiten des Beachsports zusammengefasst. Viel Spa\u00df an Deinem Sport!<\/p>\n","protected":false},"author":1,"featured_media":0,"parent":0,"menu_order":1,"comment_status":"closed","ping_status":"closed","template":"","meta":{"footnotes":""},"class_list":["post-4","page","type-page","status-publish","hentry"],"_links":{"self":[{"href":"https:\/\/beachvolleyballmuenster.de\/index.php?rest_route=\/wp\/v2\/pages\/4","targetHints":{"allow":["GET"]}}],"collection":[{"href":"https:\/\/beachvolleyballmuenster.de\/index.php?rest_route=\/wp\/v2\/pages"}],"about":[{"href":"https:\/\/beachvolleyballmuenster.de\/index.php?rest_route=\/wp\/v2\/types\/page"}],"author":[{"embeddable":true,"href":"https:\/\/beachvolleyballmuenster.de\/index.php?rest_route=\/wp\/v2\/users\/1"}],"replies":[{"embeddable":true,"href":"https:\/\/beachvolleyballmuenster.de\/index.php?rest_route=%2Fwp%2Fv2%2Fcomments&post=4"}],"version-history":[{"count":8,"href":"https:\/\/beachvolleyballmuenster.de\/index.php?rest_route=\/wp\/v2\/pages\/4\/revisions"}],"predecessor-version":[{"id":369,"href":"https:\/\/beachvolleyballmuenster.de\/index.php?rest_route=\/wp\/v2\/pages\/4\/revisions\/369"}],"wp:attachment":[{"href":"https:\/\/beachvolleyballmuenster.de\/index.php?rest_route=%2Fwp%2Fv2%2Fmedia&parent=4"}],"curies":[{"name":"wp","href":"https:\/\/api.w.org\/{rel}","templated":true}]}}